{"id":194,"date":"2024-05-14T20:02:44","date_gmt":"2024-05-14T20:02:44","guid":{"rendered":"http:\/\/www.delmonteschool.edu.gt\/?page_id=194"},"modified":"2026-03-19T11:06:39","modified_gmt":"2026-03-19T17:06:39","slug":"extracurriculares","status":"publish","type":"page","link":"https:\/\/www.delmonteschool.edu.gt\/?page_id=194","title":{"rendered":"Extracurriculares"},"content":{"rendered":"\t\t<div data-elementor-type=\"wp-page\" data-elementor-id=\"194\" class=\"elementor elementor-194\" data-elementor-post-type=\"page\">\n\t\t\t\t<div class=\"elementor-element elementor-element-5079425 e-con-full e-flex e-con e-parent\" data-id=\"5079425\" data-element_type=\"container\" data-e-type=\"container\" data-settings=\"{&quot;background_background&quot;:&quot;slideshow&quot;,&quot;background_slideshow_gallery&quot;:[{&quot;id&quot;:41,&quot;url&quot;:&quot;http:\\\/\\\/www.delmonteschool.edu.gt\\\/wp-content\\\/uploads\\\/2024\\\/05\\\/421699124_353758940848282_7715628346003393156_n.jpg&quot;}],&quot;shape_divider_bottom&quot;:&quot;opacity-tilt&quot;,&quot;background_slideshow_loop&quot;:&quot;yes&quot;,&quot;background_slideshow_slide_duration&quot;:5000,&quot;background_slideshow_slide_transition&quot;:&quot;fade&quot;,&quot;background_slideshow_transition_duration&quot;:500}\">\n\t\t\t\t<div class=\"elementor-shape elementor-shape-bottom\" aria-hidden=\"true\" data-negative=\"false\">\n\t\t\t<svg xmlns=\"http:\/\/www.w3.org\/2000\/svg\" viewBox=\"0 0 2600 131.1\" preserveAspectRatio=\"none\">\n\t<path class=\"elementor-shape-fill\" d=\"M0 0L2600 0 2600 69.1 0 0z\"\/>\n\t<path class=\"elementor-shape-fill\" style=\"opacity:0.5\" d=\"M0 0L2600 0 2600 69.1 0 69.1z\"\/>\n\t<path class=\"elementor-shape-fill\" style=\"opacity:0.25\" d=\"M2600 0L0 0 0 130.1 2600 69.1z\"\/>\n<\/svg>\t\t<\/div>\n\t\t<div class=\"elementor-element elementor-element-d5d51f1 e-con-full e-flex e-con e-child\" data-id=\"d5d51f1\" data-element_type=\"container\" data-e-type=\"container\">\n\t\t\t\t<div class=\"elementor-element elementor-element-8973181 elementor-widget elementor-widget-heading\" data-id=\"8973181\" data-element_type=\"widget\" data-e-type=\"widget\" data-widget_type=\"heading.default\">\n\t\t\t\t<div class=\"elementor-widget-container\">\n\t\t\t\t\t<h2 class=\"elementor-heading-title elementor-size-default\">Extracurriculares<\/h2>\t\t\t\t<\/div>\n\t\t\t\t<\/div>\n\t\t\t\t<\/div>\n\t\t<div class=\"elementor-element elementor-element-9732ad9 e-con-full e-flex e-con e-child\" data-id=\"9732ad9\" data-element_type=\"container\" data-e-type=\"container\">\n\t\t\t\t<\/div>\n\t\t\t\t<\/div>\n\t\t<div class=\"elementor-element elementor-element-40856bf e-flex e-con-boxed e-con e-parent\" data-id=\"40856bf\" data-element_type=\"container\" data-e-type=\"container\">\n\t\t\t\t\t<div class=\"e-con-inner\">\n\t\t\t\t<div class=\"elementor-element elementor-element-fd05f6e elementor-widget elementor-widget-spacer\" data-id=\"fd05f6e\" data-element_type=\"widget\" data-e-type=\"widget\" data-widget_type=\"spacer.default\">\n\t\t\t\t<div class=\"elementor-widget-container\">\n\t\t\t\t\t\t\t<div class=\"elementor-spacer\">\n\t\t\t<div class=\"elementor-spacer-inner\"><\/div>\n\t\t<\/div>\n\t\t\t\t\t\t<\/div>\n\t\t\t\t<\/div>\n\t\t\t\t\t<\/div>\n\t\t\t\t<\/div>\n\t\t<div class=\"elementor-element elementor-element-e1782b5 e-flex e-con-boxed e-con e-parent\" data-id=\"e1782b5\" data-element_type=\"container\" data-e-type=\"container\">\n\t\t\t\t\t<div class=\"e-con-inner\">\n\t\t<div class=\"elementor-element elementor-element-6d1525f e-con-full e-flex e-con e-child\" data-id=\"6d1525f\" data-element_type=\"container\" data-e-type=\"container\">\n\t\t\t\t<div class=\"elementor-element elementor-element-d2ade43 elementor-widget elementor-widget-image\" data-id=\"d2ade43\" data-element_type=\"widget\" data-e-type=\"widget\" data-widget_type=\"image.default\">\n\t\t\t\t<div class=\"elementor-widget-container\">\n\t\t\t\t\t\t\t\t\t\t\t\t\t\t\t\t<a href=\"#elementor-action%3Aaction%3Dpopup%3Aopen%26settings%3DeyJpZCI6IjI5MyIsInRvZ2dsZSI6ZmFsc2V9\">\n\t\t\t\t\t\t\t<img fetchpriority=\"high\" decoding=\"async\" width=\"512\" height=\"512\" src=\"https:\/\/www.delmonteschool.edu.gt\/wp-content\/uploads\/2024\/05\/nota-musical.png\" class=\"attachment-large size-large wp-image-233\" alt=\"\" srcset=\"https:\/\/www.delmonteschool.edu.gt\/wp-content\/uploads\/2024\/05\/nota-musical.png 512w, https:\/\/www.delmonteschool.edu.gt\/wp-content\/uploads\/2024\/05\/nota-musical-300x300.png 300w, https:\/\/www.delmonteschool.edu.gt\/wp-content\/uploads\/2024\/05\/nota-musical-150x150.png 150w\" sizes=\"(max-width: 512px) 100vw, 512px\" \/>\t\t\t\t\t\t\t\t<\/a>\n\t\t\t\t\t\t\t\t\t\t\t\t\t\t\t<\/div>\n\t\t\t\t<\/div>\n\t\t\t\t<div class=\"elementor-element elementor-element-480427c elementor-widget elementor-widget-heading\" data-id=\"480427c\" data-element_type=\"widget\" data-e-type=\"widget\" data-widget_type=\"heading.default\">\n\t\t\t\t<div class=\"elementor-widget-container\">\n\t\t\t\t\t<h2 class=\"elementor-heading-title elementor-size-default\"><a href=\"#elementor-action%3Aaction%3Dpopup%3Aopen%26settings%3DeyJpZCI6IjI5MyIsInRvZ2dsZSI6ZmFsc2V9\">M\u00fasica<\/a><\/h2>\t\t\t\t<\/div>\n\t\t\t\t<\/div>\n\t\t\t\t<\/div>\n\t\t<div class=\"elementor-element elementor-element-ca88c84 e-con-full e-flex e-con e-child\" data-id=\"ca88c84\" data-element_type=\"container\" data-e-type=\"container\">\n\t\t\t\t<div class=\"elementor-element elementor-element-74cf724 elementor-widget elementor-widget-image\" data-id=\"74cf724\" data-element_type=\"widget\" data-e-type=\"widget\" data-widget_type=\"image.default\">\n\t\t\t\t<div class=\"elementor-widget-container\">\n\t\t\t\t\t\t\t\t\t\t\t\t\t\t\t\t<a href=\"#elementor-action%3Aaction%3Dpopup%3Aopen%26settings%3DeyJpZCI6IjMyOCIsInRvZ2dsZSI6ZmFsc2V9\">\n\t\t\t\t\t\t\t<img decoding=\"async\" width=\"512\" height=\"512\" src=\"https:\/\/www.delmonteschool.edu.gt\/wp-content\/uploads\/2024\/05\/mano.png\" class=\"attachment-large size-large wp-image-210\" alt=\"\" srcset=\"https:\/\/www.delmonteschool.edu.gt\/wp-content\/uploads\/2024\/05\/mano.png 512w, https:\/\/www.delmonteschool.edu.gt\/wp-content\/uploads\/2024\/05\/mano-300x300.png 300w, https:\/\/www.delmonteschool.edu.gt\/wp-content\/uploads\/2024\/05\/mano-150x150.png 150w\" sizes=\"(max-width: 512px) 100vw, 512px\" \/>\t\t\t\t\t\t\t\t<\/a>\n\t\t\t\t\t\t\t\t\t\t\t\t\t\t\t<\/div>\n\t\t\t\t<\/div>\n\t\t\t\t<div class=\"elementor-element elementor-element-04709b7 elementor-widget elementor-widget-heading\" data-id=\"04709b7\" data-element_type=\"widget\" data-e-type=\"widget\" data-widget_type=\"heading.default\">\n\t\t\t\t<div class=\"elementor-widget-container\">\n\t\t\t\t\t<h2 class=\"elementor-heading-title elementor-size-default\"><a href=\"#elementor-action%3Aaction%3Dpopup%3Aopen%26settings%3DeyJpZCI6IjMyOCIsInRvZ2dsZSI6ZmFsc2V9\">Arte<\/a><\/h2>\t\t\t\t<\/div>\n\t\t\t\t<\/div>\n\t\t\t\t<\/div>\n\t\t<div class=\"elementor-element elementor-element-9cea98a e-con-full e-flex e-con e-child\" data-id=\"9cea98a\" data-element_type=\"container\" data-e-type=\"container\">\n\t\t\t\t<div class=\"elementor-element elementor-element-1a389e1 elementor-widget elementor-widget-image\" data-id=\"1a389e1\" data-element_type=\"widget\" data-e-type=\"widget\" data-widget_type=\"image.default\">\n\t\t\t\t<div class=\"elementor-widget-container\">\n\t\t\t\t\t\t\t\t\t\t\t\t\t\t\t\t<a href=\"#elementor-action%3Aaction%3Dpopup%3Aopen%26settings%3DeyJpZCI6IjMzOCIsInRvZ2dsZSI6ZmFsc2V9\">\n\t\t\t\t\t\t\t<img decoding=\"async\" width=\"512\" height=\"512\" src=\"https:\/\/www.delmonteschool.edu.gt\/wp-content\/uploads\/2024\/05\/bailarin.png\" class=\"attachment-large size-large wp-image-222\" alt=\"\" srcset=\"https:\/\/www.delmonteschool.edu.gt\/wp-content\/uploads\/2024\/05\/bailarin.png 512w, https:\/\/www.delmonteschool.edu.gt\/wp-content\/uploads\/2024\/05\/bailarin-300x300.png 300w, https:\/\/www.delmonteschool.edu.gt\/wp-content\/uploads\/2024\/05\/bailarin-150x150.png 150w\" sizes=\"(max-width: 512px) 100vw, 512px\" \/>\t\t\t\t\t\t\t\t<\/a>\n\t\t\t\t\t\t\t\t\t\t\t\t\t\t\t<\/div>\n\t\t\t\t<\/div>\n\t\t\t\t<div class=\"elementor-element elementor-element-a2ac204 elementor-widget elementor-widget-heading\" data-id=\"a2ac204\" data-element_type=\"widget\" data-e-type=\"widget\" data-widget_type=\"heading.default\">\n\t\t\t\t<div class=\"elementor-widget-container\">\n\t\t\t\t\t<h2 class=\"elementor-heading-title elementor-size-default\"><a href=\"#elementor-action%3Aaction%3Dpopup%3Aopen%26settings%3DeyJpZCI6IjMzOCIsInRvZ2dsZSI6ZmFsc2V9\">Ballet<\/a><\/h2>\t\t\t\t<\/div>\n\t\t\t\t<\/div>\n\t\t\t\t<\/div>\n\t\t<div class=\"elementor-element elementor-element-5f1861c e-con-full e-flex e-con e-child\" data-id=\"5f1861c\" data-element_type=\"container\" data-e-type=\"container\">\n\t\t\t\t<div class=\"elementor-element elementor-element-7d14d2c elementor-widget elementor-widget-image\" data-id=\"7d14d2c\" data-element_type=\"widget\" data-e-type=\"widget\" data-widget_type=\"image.default\">\n\t\t\t\t<div class=\"elementor-widget-container\">\n\t\t\t\t\t\t\t\t\t\t\t\t\t\t\t\t<a href=\"#elementor-action%3Aaction%3Dpopup%3Aopen%26settings%3DeyJpZCI6IjMzOSIsInRvZ2dsZSI6ZmFsc2V9\">\n\t\t\t\t\t\t\t<img loading=\"lazy\" decoding=\"async\" width=\"512\" height=\"512\" src=\"https:\/\/www.delmonteschool.edu.gt\/wp-content\/uploads\/2024\/05\/judo.png\" class=\"attachment-large size-large wp-image-221\" alt=\"\" srcset=\"https:\/\/www.delmonteschool.edu.gt\/wp-content\/uploads\/2024\/05\/judo.png 512w, https:\/\/www.delmonteschool.edu.gt\/wp-content\/uploads\/2024\/05\/judo-300x300.png 300w, https:\/\/www.delmonteschool.edu.gt\/wp-content\/uploads\/2024\/05\/judo-150x150.png 150w\" sizes=\"(max-width: 512px) 100vw, 512px\" \/>\t\t\t\t\t\t\t\t<\/a>\n\t\t\t\t\t\t\t\t\t\t\t\t\t\t\t<\/div>\n\t\t\t\t<\/div>\n\t\t\t\t<div class=\"elementor-element elementor-element-4433b0c elementor-widget elementor-widget-heading\" data-id=\"4433b0c\" data-element_type=\"widget\" data-e-type=\"widget\" data-widget_type=\"heading.default\">\n\t\t\t\t<div class=\"elementor-widget-container\">\n\t\t\t\t\t<h2 class=\"elementor-heading-title elementor-size-default\"><a href=\"#elementor-action%3Aaction%3Dpopup%3Aopen%26settings%3DeyJpZCI6IjMzOSIsInRvZ2dsZSI6ZmFsc2V9\">Artes Marciales<\/a><\/h2>\t\t\t\t<\/div>\n\t\t\t\t<\/div>\n\t\t\t\t<\/div>\n\t\t<div class=\"elementor-element elementor-element-4052029 e-con-full e-flex e-con e-child\" data-id=\"4052029\" data-element_type=\"container\" data-e-type=\"container\">\n\t\t\t\t<div class=\"elementor-element elementor-element-3ad830e elementor-widget elementor-widget-image\" data-id=\"3ad830e\" data-element_type=\"widget\" data-e-type=\"widget\" data-widget_type=\"image.default\">\n\t\t\t\t<div class=\"elementor-widget-container\">\n\t\t\t\t\t\t\t\t\t\t\t\t\t\t\t\t<a href=\"#elementor-action%3Aaction%3Dpopup%3Aopen%26settings%3DeyJpZCI6IjM0OCIsInRvZ2dsZSI6ZmFsc2V9\">\n\t\t\t\t\t\t\t<img loading=\"lazy\" decoding=\"async\" width=\"512\" height=\"512\" src=\"https:\/\/www.delmonteschool.edu.gt\/wp-content\/uploads\/2024\/05\/futbol-americano-1.png\" class=\"attachment-large size-large wp-image-213\" alt=\"\" srcset=\"https:\/\/www.delmonteschool.edu.gt\/wp-content\/uploads\/2024\/05\/futbol-americano-1.png 512w, https:\/\/www.delmonteschool.edu.gt\/wp-content\/uploads\/2024\/05\/futbol-americano-1-300x300.png 300w, https:\/\/www.delmonteschool.edu.gt\/wp-content\/uploads\/2024\/05\/futbol-americano-1-150x150.png 150w\" sizes=\"(max-width: 512px) 100vw, 512px\" \/>\t\t\t\t\t\t\t\t<\/a>\n\t\t\t\t\t\t\t\t\t\t\t\t\t\t\t<\/div>\n\t\t\t\t<\/div>\n\t\t\t\t<div class=\"elementor-element elementor-element-f8908d0 elementor-widget elementor-widget-heading\" data-id=\"f8908d0\" data-element_type=\"widget\" data-e-type=\"widget\" data-widget_type=\"heading.default\">\n\t\t\t\t<div class=\"elementor-widget-container\">\n\t\t\t\t\t<h2 class=\"elementor-heading-title elementor-size-default\"><a href=\"#elementor-action%3Aaction%3Dpopup%3Aopen%26settings%3DeyJpZCI6IjM0OCIsInRvZ2dsZSI6ZmFsc2V9\">F\u00fatbol<\/a><\/h2>\t\t\t\t<\/div>\n\t\t\t\t<\/div>\n\t\t\t\t<\/div>\n\t\t\t\t\t<\/div>\n\t\t\t\t<\/div>\n\t\t<div class=\"elementor-element elementor-element-51cb500 e-flex e-con-boxed e-con e-parent\" data-id=\"51cb500\" data-element_type=\"container\" data-e-type=\"container\">\n\t\t\t\t\t<div class=\"e-con-inner\">\n\t\t<div class=\"elementor-element elementor-element-b6e8989 e-con-full e-flex e-con e-child\" data-id=\"b6e8989\" data-element_type=\"container\" data-e-type=\"container\">\n\t\t\t\t<div class=\"elementor-element elementor-element-caae221 elementor-widget elementor-widget-image\" data-id=\"caae221\" data-element_type=\"widget\" data-e-type=\"widget\" data-widget_type=\"image.default\">\n\t\t\t\t<div class=\"elementor-widget-container\">\n\t\t\t\t\t\t\t\t\t\t\t\t\t\t\t\t<a href=\"#elementor-action%3Aaction%3Dpopup%3Aopen%26settings%3DeyJpZCI6IjM0OSIsInRvZ2dsZSI6ZmFsc2V9\">\n\t\t\t\t\t\t\t<img loading=\"lazy\" decoding=\"async\" width=\"512\" height=\"512\" src=\"https:\/\/www.delmonteschool.edu.gt\/wp-content\/uploads\/2024\/05\/pelota-de-voleibol.png\" class=\"attachment-large size-large wp-image-230\" alt=\"\" srcset=\"https:\/\/www.delmonteschool.edu.gt\/wp-content\/uploads\/2024\/05\/pelota-de-voleibol.png 512w, https:\/\/www.delmonteschool.edu.gt\/wp-content\/uploads\/2024\/05\/pelota-de-voleibol-300x300.png 300w, https:\/\/www.delmonteschool.edu.gt\/wp-content\/uploads\/2024\/05\/pelota-de-voleibol-150x150.png 150w\" sizes=\"(max-width: 512px) 100vw, 512px\" \/>\t\t\t\t\t\t\t\t<\/a>\n\t\t\t\t\t\t\t\t\t\t\t\t\t\t\t<\/div>\n\t\t\t\t<\/div>\n\t\t\t\t<div class=\"elementor-element elementor-element-43a30a7 elementor-widget elementor-widget-heading\" data-id=\"43a30a7\" data-element_type=\"widget\" data-e-type=\"widget\" data-widget_type=\"heading.default\">\n\t\t\t\t<div class=\"elementor-widget-container\">\n\t\t\t\t\t<h2 class=\"elementor-heading-title elementor-size-default\"><a href=\"#elementor-action%3Aaction%3Dpopup%3Aopen%26settings%3DeyJpZCI6IjM0OSIsInRvZ2dsZSI6ZmFsc2V9\">Voleibol<\/a><\/h2>\t\t\t\t<\/div>\n\t\t\t\t<\/div>\n\t\t\t\t<\/div>\n\t\t<div class=\"elementor-element elementor-element-4bdd6b6 e-con-full e-flex e-con e-child\" data-id=\"4bdd6b6\" data-element_type=\"container\" data-e-type=\"container\">\n\t\t\t\t<div class=\"elementor-element elementor-element-90d7610 elementor-widget elementor-widget-image\" data-id=\"90d7610\" data-element_type=\"widget\" data-e-type=\"widget\" data-widget_type=\"image.default\">\n\t\t\t\t<div class=\"elementor-widget-container\">\n\t\t\t\t\t\t\t\t\t\t\t\t\t\t\t\t<a href=\"#elementor-action%3Aaction%3Dpopup%3Aopen%26settings%3DeyJpZCI6IjM2MyIsInRvZ2dsZSI6ZmFsc2V9\">\n\t\t\t\t\t\t\t<img loading=\"lazy\" decoding=\"async\" width=\"512\" height=\"512\" src=\"https:\/\/www.delmonteschool.edu.gt\/wp-content\/uploads\/2024\/05\/matematicas.png\" class=\"attachment-large size-large wp-image-232\" alt=\"\" srcset=\"https:\/\/www.delmonteschool.edu.gt\/wp-content\/uploads\/2024\/05\/matematicas.png 512w, https:\/\/www.delmonteschool.edu.gt\/wp-content\/uploads\/2024\/05\/matematicas-300x300.png 300w, https:\/\/www.delmonteschool.edu.gt\/wp-content\/uploads\/2024\/05\/matematicas-150x150.png 150w\" sizes=\"(max-width: 512px) 100vw, 512px\" \/>\t\t\t\t\t\t\t\t<\/a>\n\t\t\t\t\t\t\t\t\t\t\t\t\t\t\t<\/div>\n\t\t\t\t<\/div>\n\t\t\t\t<div class=\"elementor-element elementor-element-6aed0f6 elementor-widget elementor-widget-heading\" data-id=\"6aed0f6\" data-element_type=\"widget\" data-e-type=\"widget\" data-widget_type=\"heading.default\">\n\t\t\t\t<div class=\"elementor-widget-container\">\n\t\t\t\t\t<h2 class=\"elementor-heading-title elementor-size-default\"><a href=\"#elementor-action%3Aaction%3Dpopup%3Aopen%26settings%3DeyJpZCI6IjM2MyIsInRvZ2dsZSI6ZmFsc2V9\">Matem\u00e1ticas<\/a><\/h2>\t\t\t\t<\/div>\n\t\t\t\t<\/div>\n\t\t\t\t<\/div>\n\t\t<div class=\"elementor-element elementor-element-bfef60b e-con-full e-flex e-con e-child\" data-id=\"bfef60b\" data-element_type=\"container\" data-e-type=\"container\">\n\t\t\t\t<div class=\"elementor-element elementor-element-9cb12d5 elementor-widget elementor-widget-image\" data-id=\"9cb12d5\" data-element_type=\"widget\" data-e-type=\"widget\" data-widget_type=\"image.default\">\n\t\t\t\t<div class=\"elementor-widget-container\">\n\t\t\t\t\t\t\t\t\t\t\t\t\t\t\t\t<a href=\"#elementor-action%3Aaction%3Dpopup%3Aopen%26settings%3DeyJpZCI6IjM2NCIsInRvZ2dsZSI6ZmFsc2V9\">\n\t\t\t\t\t\t\t<img loading=\"lazy\" decoding=\"async\" width=\"512\" height=\"512\" src=\"https:\/\/www.delmonteschool.edu.gt\/wp-content\/uploads\/2024\/05\/empenar.png\" class=\"attachment-large size-large wp-image-229\" alt=\"\" srcset=\"https:\/\/www.delmonteschool.edu.gt\/wp-content\/uploads\/2024\/05\/empenar.png 512w, https:\/\/www.delmonteschool.edu.gt\/wp-content\/uploads\/2024\/05\/empenar-300x300.png 300w, https:\/\/www.delmonteschool.edu.gt\/wp-content\/uploads\/2024\/05\/empenar-150x150.png 150w\" sizes=\"(max-width: 512px) 100vw, 512px\" \/>\t\t\t\t\t\t\t\t<\/a>\n\t\t\t\t\t\t\t\t\t\t\t\t\t\t\t<\/div>\n\t\t\t\t<\/div>\n\t\t\t\t<div class=\"elementor-element elementor-element-0815285 elementor-widget elementor-widget-heading\" data-id=\"0815285\" data-element_type=\"widget\" data-e-type=\"widget\" data-widget_type=\"heading.default\">\n\t\t\t\t<div class=\"elementor-widget-container\">\n\t\t\t\t\t<h2 class=\"elementor-heading-title elementor-size-default\"><a href=\"#elementor-action%3Aaction%3Dpopup%3Aopen%26settings%3DeyJpZCI6IjM2NCIsInRvZ2dsZSI6ZmFsc2V9\">Ajedrez<\/a><\/h2>\t\t\t\t<\/div>\n\t\t\t\t<\/div>\n\t\t\t\t<\/div>\n\t\t<div class=\"elementor-element elementor-element-2bbff1d e-con-full e-flex e-con e-child\" data-id=\"2bbff1d\" data-element_type=\"container\" data-e-type=\"container\">\n\t\t\t\t<div class=\"elementor-element elementor-element-5524e16 elementor-widget elementor-widget-image\" data-id=\"5524e16\" data-element_type=\"widget\" data-e-type=\"widget\" data-widget_type=\"image.default\">\n\t\t\t\t<div class=\"elementor-widget-container\">\n\t\t\t\t\t\t\t\t\t\t\t\t\t\t\t\t<a href=\"#elementor-action%3Aaction%3Dpopup%3Aopen%26settings%3DeyJpZCI6IjM2NSIsInRvZ2dsZSI6ZmFsc2V9\">\n\t\t\t\t\t\t\t<img loading=\"lazy\" decoding=\"async\" width=\"512\" height=\"512\" src=\"https:\/\/www.delmonteschool.edu.gt\/wp-content\/uploads\/2024\/05\/eng.png\" class=\"attachment-large size-large wp-image-211\" alt=\"\" srcset=\"https:\/\/www.delmonteschool.edu.gt\/wp-content\/uploads\/2024\/05\/eng.png 512w, https:\/\/www.delmonteschool.edu.gt\/wp-content\/uploads\/2024\/05\/eng-300x300.png 300w, https:\/\/www.delmonteschool.edu.gt\/wp-content\/uploads\/2024\/05\/eng-150x150.png 150w\" sizes=\"(max-width: 512px) 100vw, 512px\" \/>\t\t\t\t\t\t\t\t<\/a>\n\t\t\t\t\t\t\t\t\t\t\t\t\t\t\t<\/div>\n\t\t\t\t<\/div>\n\t\t\t\t<div class=\"elementor-element elementor-element-a42213b elementor-widget elementor-widget-heading\" data-id=\"a42213b\" data-element_type=\"widget\" data-e-type=\"widget\" data-widget_type=\"heading.default\">\n\t\t\t\t<div class=\"elementor-widget-container\">\n\t\t\t\t\t<h2 class=\"elementor-heading-title elementor-size-default\"><a href=\"#elementor-action%3Aaction%3Dpopup%3Aopen%26settings%3DeyJpZCI6IjM2NSIsInRvZ2dsZSI6ZmFsc2V9\">Ingl\u00e9s<\/a><\/h2>\t\t\t\t<\/div>\n\t\t\t\t<\/div>\n\t\t\t\t<\/div>\n\t\t\t\t\t<\/div>\n\t\t\t\t<\/div>\n\t\t\t\t<\/div>\n\t\t","protected":false},"excerpt":{"rendered":"<p>Extracurriculares M\u00fasica Arte Ballet Artes Marciales F\u00fatbol Voleibol Matem\u00e1ticas Ajedrez Ingl\u00e9s<\/p>\n","protected":false},"author":1,"featured_media":0,"parent":0,"menu_order":0,"comment_status":"closed","ping_status":"closed","template":"","meta":{"footnotes":""},"class_list":["post-194","page","type-page","status-publish","hentry"],"_links":{"self":[{"href":"https:\/\/www.delmonteschool.edu.gt\/index.php?rest_route=\/wp\/v2\/pages\/194","targetHints":{"allow":["GET"]}}],"collection":[{"href":"https:\/\/www.delmonteschool.edu.gt\/index.php?rest_route=\/wp\/v2\/pages"}],"about":[{"href":"https:\/\/www.delmonteschool.edu.gt\/index.php?rest_route=\/wp\/v2\/types\/page"}],"author":[{"embeddable":true,"href":"https:\/\/www.delmonteschool.edu.gt\/index.php?rest_route=\/wp\/v2\/users\/1"}],"replies":[{"embeddable":true,"href":"https:\/\/www.delmonteschool.edu.gt\/index.php?rest_route=%2Fwp%2Fv2%2Fcomments&post=194"}],"version-history":[{"count":73,"href":"https:\/\/www.delmonteschool.edu.gt\/index.php?rest_route=\/wp\/v2\/pages\/194\/revisions"}],"predecessor-version":[{"id":106572,"href":"https:\/\/www.delmonteschool.edu.gt\/index.php?rest_route=\/wp\/v2\/pages\/194\/revisions\/106572"}],"wp:attachment":[{"href":"https:\/\/www.delmonteschool.edu.gt\/index.php?rest_route=%2Fwp%2Fv2%2Fmedia&parent=194"}],"curies":[{"name":"wp","href":"https:\/\/api.w.org\/{rel}","templated":true}]}}